{"id":334,"date":"2025-07-14T15:47:21","date_gmt":"2025-07-14T15:47:21","guid":{"rendered":"https:\/\/istoneprojects.com\/?page_id=334"},"modified":"2025-07-14T15:56:31","modified_gmt":"2025-07-14T15:56:31","slug":"thankyou","status":"publish","type":"page","link":"https:\/\/istoneprojects.com\/en\/thankyou\/","title":{"rendered":"Thankyou"},"content":{"rendered":"<div data-elementor-type=\"wp-page\" data-elementor-id=\"334\" class=\"elementor elementor-334\" data-elementor-post-type=\"page\">\n\t\t\t\t<div class=\"elementor-element elementor-element-a0eeb6e e-flex e-con-boxed e-con e-parent\" data-id=\"a0eeb6e\" data-element_type=\"container\" data-settings=\"{&quot;background_background&quot;:&quot;classic&quot;}\">\n\t\t\t\t\t<div class=\"e-con-inner\">\n\t\t\t\t<div class=\"elementor-element elementor-element-e183cae elementor-widget__width-inherit elementor-widget elementor-widget-heading\" data-id=\"e183cae\" data-element_type=\"widget\" data-widget_type=\"heading.default\">\n\t\t\t\t\t<h2 class=\"elementor-heading-title elementor-size-default\">We\u2019ve received your request.<\/h2>\t\t\t\t<\/div>\n\t\t\t\t<div class=\"elementor-element elementor-element-e5c7d92 elementor-widget elementor-widget-text-editor\" data-id=\"e5c7d92\" data-element_type=\"widget\" data-widget_type=\"text-editor.default\">\n\t\t\t\t\t\t\t\t\t<p>One of our specialists will contact you shortly to schedule your consultation clear, strategic, and results-driven.<\/p>\t\t\t\t\t\t\t\t<\/div>\n\t\t\t\t<div class=\"elementor-element elementor-element-0f02a4c elementor-widget elementor-widget-heading\" data-id=\"0f02a4c\" data-element_type=\"widget\" data-widget_type=\"heading.default\">\n\t\t\t\t\t<h2 class=\"elementor-heading-title elementor-size-default\">Need immediate assistance?<\/h2>\t\t\t\t<\/div>\n\t\t\t\t<div class=\"elementor-element elementor-element-f15fee7 elementor-align-center elementor-mobile-align-center elementor-widget elementor-widget-button\" data-id=\"f15fee7\" data-element_type=\"widget\" data-widget_type=\"button.default\">\n\t\t\t\t\t\t\t\t\t\t<a class=\"elementor-button elementor-button-link elementor-size-sm\" href=\"https:\/\/api.whatsapp.com\/send?phone=5218116086887&#038;text=Hola,%20estamos%20por%20arrancar%20un%20proyecto%20y%20requerimos%20acompa%C3%B1amiento%20t%C3%A9cnico%20%20%C2%BFPodemos%20agendar%20una%20llamada?\" target=\"_blank\">\n\t\t\t\t\t\t<span class=\"elementor-button-content-wrapper\">\n\t\t\t\t\t\t<span class=\"elementor-button-icon\">\n\t\t\t\t<svg aria-hidden=\"true\" class=\"e-font-icon-svg e-fas-arrow-alt-circle-right\" viewbox=\"0 0 512 512\" xmlns=\"http:\/\/www.w3.org\/2000\/svg\"><path d=\"M256 8c137 0 248 111 248 248S393 504 256 504 8 393 8 256 119 8 256 8zM140 300h116v70.9c0 10.7 13 16.1 20.5 8.5l114.3-114.9c4.7-4.7 4.7-12.2 0-16.9l-114.3-115c-7.6-7.6-20.5-2.2-20.5 8.5V212H140c-6.6 0-12 5.4-12 12v64c0 6.6 5.4 12 12 12z\"><\/path><\/svg>\t\t\t<\/span>\n\t\t\t\t\t\t\t\t\t<span class=\"elementor-button-text\">Message us now on WhatsApp!<\/span>\n\t\t\t\t\t<\/span>\n\t\t\t\t\t<\/a>\n\t\t\t\t\t\t\t\t<\/div>\n\t\t\t\t\t<\/div>\n\t\t\t\t<\/div>\n\t\t\t\t<\/div>","protected":false},"excerpt":{"rendered":"<p>Hemos recibido tu solicitud. Uno de nuestros especialistas se pondr\u00e1 en contacto contigo lo m\u00e1s pronto posible para agendar tu consultor\u00eda clara y enfocada en resultados. \u00bfNecesitas atenci\u00f3n inmediata? \u00a1Escr\u00edbenos por WhatsApp!<\/p>","protected":false},"author":3,"featured_media":0,"parent":0,"menu_order":0,"comment_status":"closed","ping_status":"closed","template":"","meta":{"footnotes":""},"class_list":["post-334","page","type-page","status-publish","hentry"],"_links":{"self":[{"href":"https:\/\/istoneprojects.com\/en\/wp-json\/wp\/v2\/pages\/334","targetHints":{"allow":["GET"]}}],"collection":[{"href":"https:\/\/istoneprojects.com\/en\/wp-json\/wp\/v2\/pages"}],"about":[{"href":"https:\/\/istoneprojects.com\/en\/wp-json\/wp\/v2\/types\/page"}],"author":[{"embeddable":true,"href":"https:\/\/istoneprojects.com\/en\/wp-json\/wp\/v2\/users\/3"}],"replies":[{"embeddable":true,"href":"https:\/\/istoneprojects.com\/en\/wp-json\/wp\/v2\/comments?post=334"}],"version-history":[{"count":13,"href":"https:\/\/istoneprojects.com\/en\/wp-json\/wp\/v2\/pages\/334\/revisions"}],"predecessor-version":[{"id":351,"href":"https:\/\/istoneprojects.com\/en\/wp-json\/wp\/v2\/pages\/334\/revisions\/351"}],"wp:attachment":[{"href":"https:\/\/istoneprojects.com\/en\/wp-json\/wp\/v2\/media?parent=334"}],"curies":[{"name":"wp","href":"https:\/\/api.w.org\/{rel}","templated":true}]}}